{"id":1278,"date":"2017-11-12T18:14:20","date_gmt":"2017-11-12T20:14:20","guid":{"rendered":"https:\/\/visaoefoco.com.br\/lp\/?page_id=1278"},"modified":"2018-01-09T22:14:07","modified_gmt":"2018-01-10T00:14:07","slug":"privacidade","status":"publish","type":"page","link":"https:\/\/visaoefoco.com.br\/lp\/privacidade\/","title":{"rendered":"Privacidade"},"content":{"rendered":"<div id=\"pbuilder_wrapper\">\n<div id=\"pbuilder_content_wrapper\">\n<div id=\"pbuilder_content\">\n<div class=\"pbuilder_row pbuilder_row_id_0\" style=\"border: none;\" data-rowtype=\"12\" data-rowid=\"0\">\n<div class=\"pbuilder_row_colwrapper\" style=\"padding: 10px 20px 10px 20px;\">\n<div class=\"pbuilder_column pbuilder_column-1-5\" data-colnumber=\"0\">\n<div class=\"pbuilder_column_background\"><\/div>\n<div class=\" pbuilder_column_inner pbuilder_droppable\"><\/div>\n<\/div>\n<div class=\"pbuilder_column pbuilder_column-3-5\" data-colnumber=\"1\">\n<div class=\"pbuilder_column_background\"><\/div>\n<div class=\" pbuilder_column_inner pbuilder_droppable\">\n<div class=\"pbuilder_module\" data-shortcode=\"image\" data-modid=\"0\">\n<style type=\"text\/css\" scoped=\"scoped\">#frb_image_1571734184.frb_onScreen.frb_animated {-webkit-animation-duration: 1000ms; animation-duration: 1000ms;}#frb_image_1571734184.frb_onScreen.frb_hinge {-webkit-animation-duration: 2000ms; animation-duration: 2000ms;}<\/style>\n<style type=\"text\/css\" scoped=\"scoped\">#frb_image_1571734184 .frb_image_hover {background:#000000;}<\/style>\n<div id=\"frb_image_1571734184\" class=\"\">\n<div class=\"frb_image\" style=\"height: 100px !important;\"><span style=\"text-align: center; width: 100%; display: block;\"><span class=\"frb_image_inner frb_image_border \" data-bordercolor=\"#376a6e\" data-borderhover=\"#376a6e\"><br \/>\n<img decoding=\"async\" id=\"\" class=\" frb_image_flat\" style=\"margin: 0px 0px 0px 0px; padding: 0px 0px 0px 0px; border: none; width: 300px; height: 100px !important; box-sizing: border-box; margin-left: auto; margin-right: auto;\" title=\"\" src=\"http:\/\/visaoefoco.com.br\/lp\/wp-content\/uploads\/2015\/12\/Logo-sem-fundo-Atualizado.png\" alt=\"\" \/><br \/>\n<i class=\"frb_icon fa fa-search\" style=\"line-height: 30px; font-size: 30px; height: 30px; width: 30px; margin: -15px;\"><\/i><\/span><\/span><\/div>\n<\/div>\n<style><\/style>\n<\/div>\n<div class=\"pbuilder_module\" data-shortcode=\"separator\" data-modid=\"2\">\n<style type=\"text\/css\" scoped=\"scoped\">#frb_separator_673201464.frb_onScreen.frb_animated {-webkit-animation-duration: 1000ms; animation-duration: 1000ms;}#frb_separator_673201464.frb_onScreen.frb_hinge {-webkit-animation-duration: 2000ms; animation-duration: 2000ms;}<\/style>\n<div id=\"frb_separator_673201464\" class=\"frb_separator \" style=\"border-top: 2px solid #27a8e1; padding-bottom: 36px;\"><\/div>\n<style><\/style>\n<\/div>\n<\/div>\n<\/div>\n<div class=\"pbuilder_column pbuilder_column-1-5\" data-colnumber=\"2\">\n<div class=\"pbuilder_column_background\"><\/div>\n<div class=\" pbuilder_column_inner pbuilder_droppable\"><\/div>\n<\/div>\n<div style=\"clear: both;\"><\/div>\n<\/div>\n<\/div>\n<style><\/style>\n<div class=\"pbuilder_row pbuilder_row_id_2\" data-rowtype=\"12\" data-rowid=\"2\">\n<div class=\"pbuilder_row_colwrapper\" style=\"padding: 0px 0px 0px 0px;\">\n<div class=\"pbuilder_column pbuilder_column-1-5\" data-colnumber=\"0\">\n<div class=\"pbuilder_column_background\"><\/div>\n<div class=\" pbuilder_column_inner pbuilder_droppable\"><\/div>\n<\/div>\n<div class=\"pbuilder_column pbuilder_column-3-5\" data-colnumber=\"1\">\n<div class=\"pbuilder_column_background\"><\/div>\n<div class=\" pbuilder_column_inner pbuilder_droppable\">\n<div class=\"pbuilder_module\" data-shortcode=\"text\" data-modid=\"1\">\n<style type=\"text\/css\" scoped=\"scoped\">\n    #frb_text_1790538190, #frb_text_1790538190 *{letter-spacing:0px;}<br \/>\n    #frb_text_1790538190 a{color: #808080;}<br \/>\n    #frb_text_1790538190 a:hover{color: #808080;}<\/style>\n<style type=\"text\/css\" scoped=\"scoped\">#frb_text_1790538190.frb_onScreen.frb_animated {-webkit-animation-duration: 1000ms; animation-duration: 1000ms;}#frb_text_1790538190.frb_onScreen.frb_hinge {-webkit-animation-duration: 2000ms; animation-duration: 2000ms;}<\/style>\n<div id=\"frb_text_1790538190\" class=\"\" style=\"margin: 0px 0px 36px 0px; padding: 0px 0px 0px 0px; border: none; text-align: left; font-size: 16px; line-height: 20px;\">\n<div class=\"frb_text\" style=\"color: #808080;\">\n<h2>Pol\u00edtica de privacidade para\u00a0<a href=\"https:\/\/visaoefoco.com.br\/\">Vis\u00e3o &amp; Foco<\/a><\/h2>\n<p>Todas as suas informa\u00e7\u00f5es pessoais recolhidas, ser\u00e3o usadas para o ajudar a tornar a sua visita no nosso site o mais produtiva e agrad\u00e1vel poss\u00edvel.<\/p>\n<p>A garantia da confidencialidade dos dados pessoais dos utilizadores do nosso site \u00e9 importante para o Vis\u00e3o &amp; Foco.<\/p>\n<p>Todas as informa\u00e7\u00f5es pessoais relativas a membros, assinantes, clientes ou visitantes que usem o Vis\u00e3o &amp; Foco ser\u00e3o tratadas em concord\u00e2ncia com a Lei da Prote\u00e7\u00e3o de Dados Pessoais de 26 de outubro de 1998 (Lei n.\u00ba 67\/98).<\/p>\n<p>A informa\u00e7\u00e3o pessoal recolhida pode incluir o seu nome, e-mail, n\u00famero de telefone e\/ou telem\u00f3vel, morada, data de nascimento e\/ou outros.<\/p>\n<p>O uso do Vis\u00e3o &amp; Foco pressup\u00f5e a aceita\u00e7\u00e3o deste Acordo de privacidade. A equipe do Vis\u00e3o &amp; Foco reserva-se ao direito de alterar este acordo sem aviso pr\u00e9vio. Deste modo, recomendamos que consulte a nossa pol\u00edtica de privacidade com regularidade de forma a estar sempre atualizado.<\/p>\n<h2>Os an\u00fancios<\/h2>\n<p>Tal como outros websites, coletamos e utilizamos informa\u00e7\u00e3o contida nos an\u00fancios. A informa\u00e7\u00e3o contida nos an\u00fancios, inclui o seu endere\u00e7o IP (Internet Protocol), o seu ISP (Internet Service Provider, como o Sapo, Clix, ou outro), o browser que utilizou ao visitar o nosso website (como o Internet Explorer ou o Firefox), o tempo da sua visita e que p\u00e1ginas visitou dentro do nosso website.<\/p>\n<h2>Os Cookies e Web Beacons<\/h2>\n<p>Utilizamos cookies para armazenar informa\u00e7\u00e3o, tais como as suas prefer\u00eancias pessoas quando visita o nosso website.<\/p>\n<p>Isto poder\u00e1 incluir um simples popup, ou uma liga\u00e7\u00e3o em v\u00e1rios servi\u00e7os que providenciamos, tais como f\u00f3runs.<\/p>\n<p>Em adi\u00e7\u00e3o tamb\u00e9m utilizamos publicidade de terceiros no nosso website para suportar os custos de manuten\u00e7\u00e3o.<\/p>\n<p>Alguns destes publicit\u00e1rios, poder\u00e3o utilizar tecnologias como os cookies e\/ou web beacons quando publicitam no nosso website, o que far\u00e1 com que esses publicit\u00e1rios (como o Google atrav\u00e9s do Google AdSense) tamb\u00e9m recebam a sua informa\u00e7\u00e3o pessoal, como o endere\u00e7o IP, o seu ISP, o seu browser, etc.<\/p>\n<p>Esta fun\u00e7\u00e3o \u00e9 geralmente utilizada para geotargeting (mostrar publicidade de Lisboa apenas aos leitores oriundos de Lisboa por ex.) ou apresentar publicidade direcionada a um tipo de utilizador (como mostrar publicidade de restaurante a um utilizador que visita sites de culin\u00e1ria regularmente, por ex.).<\/p>\n<p>Voc\u00ea det\u00e9m o poder de desligar os seus cookies, nas op\u00e7\u00f5es do seu browser, ou efetuando altera\u00e7\u00f5es nas ferramentas de programas Anti-Virus, como o Norton Internet Security.<\/p>\n<p>No entanto, isso poder\u00e1 alterar a forma como interage com o nosso website, ou outros websites. Isso poder\u00e1 afetar ou n\u00e3o permitir que fa\u00e7a logins em programas, sites ou f\u00f3runs da nossa e de outras redes.<\/p>\n<h2>Liga\u00e7\u00f5es a Sites de terceiros<\/h2>\n<p>O Vis\u00e3o &amp; Foco possui liga\u00e7\u00f5es para outros sites, os quais, a nosso ver, podem conter informa\u00e7\u00f5es \/ ferramentas \u00fateis para os nossos visitantes.<\/p>\n<p>A nossa pol\u00edtica de privacidade n\u00e3o \u00e9 aplicada a sites de terceiros, pelo que, caso visite outro site a partir do nosso dever\u00e1 ler a politica de privacidade do mesmo.<\/p>\n<p>N\u00e3o nos responsabilizamos pela pol\u00edtica de privacidade ou conte\u00fado presente nesses mesmos sites.<\/p>\n<p>Em caso de d\u00favidas entre em contato atrav\u00e9s do e-mail\u00a0<strong>adm@visaoefoco.com.br<\/strong><\/p>\n<\/div>\n<\/div>\n<\/div>\n<\/div>\n<\/div>\n<div class=\"pbuilder_column pbuilder_column-1-5\" data-colnumber=\"2\">\n<div class=\"pbuilder_column_background\"><\/div>\n<div class=\" pbuilder_column_inner pbuilder_droppable\"><\/div>\n<\/div>\n<div style=\"clear: both;\"><\/div>\n<\/div>\n<\/div>\n<style><\/style>\n<\/div>\n<div style=\"clear: both;\"><\/div>\n<\/div>\n<div style=\"clear: both;\"><\/div>\n<\/div>\n","protected":false},"excerpt":{"rendered":"<p>Pol\u00edtica de privacidade para\u00a0Vis\u00e3o &amp; Foco Todas as suas informa\u00e7\u00f5es pessoais recolhidas, ser\u00e3o usadas para o ajudar a tornar a sua visita no nosso site o mais produtiva e agrad\u00e1vel poss\u00edvel. A garantia da confidencialidade dos dados pessoais dos utilizadores do nosso site \u00e9 importante para o Vis\u00e3o &amp; Foco. Todas as informa\u00e7\u00f5es pessoais relativas [&hellip;]<\/p>\n","protected":false},"author":1,"featured_media":0,"parent":0,"menu_order":0,"comment_status":"closed","ping_status":"closed","template":"","meta":[],"_links":{"self":[{"href":"https:\/\/visaoefoco.com.br\/lp\/wp-json\/wp\/v2\/pages\/1278"}],"collection":[{"href":"https:\/\/visaoefoco.com.br\/lp\/wp-json\/wp\/v2\/pages"}],"about":[{"href":"https:\/\/visaoefoco.com.br\/lp\/wp-json\/wp\/v2\/types\/page"}],"author":[{"embeddable":true,"href":"https:\/\/visaoefoco.com.br\/lp\/wp-json\/wp\/v2\/users\/1"}],"replies":[{"embeddable":true,"href":"https:\/\/visaoefoco.com.br\/lp\/wp-json\/wp\/v2\/comments?post=1278"}],"version-history":[{"count":1,"href":"https:\/\/visaoefoco.com.br\/lp\/wp-json\/wp\/v2\/pages\/1278\/revisions"}],"predecessor-version":[{"id":10849,"href":"https:\/\/visaoefoco.com.br\/lp\/wp-json\/wp\/v2\/pages\/1278\/revisions\/10849"}],"wp:attachment":[{"href":"https:\/\/visaoefoco.com.br\/lp\/wp-json\/wp\/v2\/media?parent=1278"}],"curies":[{"name":"wp","href":"https:\/\/api.w.org\/{rel}","templated":true}]}}